{"id":1179,"date":"2020-12-21T16:30:54","date_gmt":"2020-12-21T15:30:54","guid":{"rendered":"http:\/\/passioneciociaria.it\/?page_id=1179"},"modified":"2020-12-21T16:33:54","modified_gmt":"2020-12-21T15:33:54","slug":"termini-e-condizioni","status":"publish","type":"page","link":"https:\/\/passioneciociaria.it\/?page_id=1179","title":{"rendered":"Termini e Condizioni"},"content":{"rendered":"\t\t<div data-elementor-type=\"wp-page\" data-elementor-id=\"1179\" class=\"elementor elementor-1179\" data-elementor-settings=\"[]\">\n\t\t\t\t\t\t<div class=\"elementor-inner\">\n\t\t\t\t\t\t\t<div class=\"elementor-section-wrap\">\n\t\t\t\t\t\t\t<section class=\"elementor-section elementor-top-section elementor-element elementor-element-37334278 elementor-section-boxed elementor-section-height-default elementor-section-height-default\" data-id=\"37334278\" data-element_type=\"section\">\n\t\t\t\t\t\t<div class=\"elementor-container elementor-column-gap-default\">\n\t\t\t\t\t\t\t<div class=\"elementor-row\">\n\t\t\t\t\t<div class=\"elementor-column elementor-col-100 elementor-top-column elementor-element elementor-element-74ceba84\" data-id=\"74ceba84\" data-element_type=\"column\">\n\t\t\t<div class=\"elementor-column-wrap elementor-element-populated\">\n\t\t\t\t\t\t\t<div class=\"elementor-widget-wrap\">\n\t\t\t\t\t\t<div class=\"elementor-element elementor-element-17563471 elementor-widget elementor-widget-text-editor\" data-id=\"17563471\" data-element_type=\"widget\" data-widget_type=\"text-editor.default\">\n\t\t\t\t<div class=\"elementor-widget-container\">\n\t\t\t\t\t<div class=\"elementor-text-editor elementor-clearfix\"><p><!-- wp:heading --><\/p>\n<h2>Regolamento di utilizzo<\/h2>\n<p><!-- \/wp:heading --><!-- wp:paragraph --><\/p>\n<p>L&#8217;indirizzo del nostro sito web \u00e8: http:\/\/passioneciociaria.it. I visitatori e gli acquirenti (di seguito &#8220;Utenti&#8221;) possono selezionare prodotti dal catalogo del &#8220;negoziante&#8221; ed inviare ordini di compravendita online<\/p>\n<p><!-- \/wp:paragraph --><!-- wp:heading --><\/p>\n<h2>Termini e Condizioni<\/h2>\n<div>\n<p>I presenti termini e condizioni (Condizioni Generali), regolano l&#8217;utilizzo da parte &#8220;dell&#8217;utente&#8221; dei servizi disponibili attraverso il &#8220;portale\/sito&#8221;, che comprendono tra l&#8217;altro, la possibilit\u00e0 di ricevere informazioni sempre aggiornate su varie offerte commerciali, cos\u00ec come pubblicizzate dal &#8220;negoziante&#8221;.<br \/>L&#8217;unica lingua ufficiale del &#8220;regolamento&#8221; \u00e8 la lingua ITALIANA.<br \/>L&#8217;accesso al &#8220;portale\/sito&#8221; e la fruizione dei servizi da esso erogati, compresa l&#8217;eventuale registrazione, comporta l&#8217;integrale accettazione da parte tua del presente &#8220;regolamento&#8221;.<br \/>Alcuni servizi del &#8220;portale\/sito&#8221; potrebbero essere regolati da condizioni particolari che si aggiungono al presente &#8220;regolamento&#8221; e che devono essere espressamente accettate dall&#8217;utente per poterne usufruire.<br \/>L&#8217;accesso al &#8220;portale\/sito&#8221; non richiede registrazione. Tuttavia, per utilizzare alcuni servizi (ad esempio effettuare gli ordini) \u00e8 necessaria la registrazione dei tuoi dati. Nel corso della procedura l&#8217;utente dichiara e garantisce di fornire dati completi, veritieri, corretti e aggiornati.<br \/>Il &#8220;regolamento&#8221;, o qualsiasi sezione che ne costituisce parte integrante, potr\u00e0 essere aggiornato, adeguato, migliorato e modificato in qualsiasi momento senza obbligo alcuno di notifica, e tu ti impegni a controllarne periodicamente eventuali aggiornamenti in maniera autonoma.<br \/>Il &#8220;portale\/sito&#8221; potr\u00e0 essere utilizzato esclusivamente per la fruizione dei servizi erogati. Ti \u00e8 vietata qualsiasi forma di riproduzione, modifica, duplicazione, copia, distribuzione, vendita o comunque sfruttamento a fini commerciali del portale\/sito e\/o dei servizi in esso contenuti, salvo autorizzazione scritta del &#8220;Provider&#8221;. Ti \u00e8 consentito scaricare o stampare una copia dei materiali contenuti nel &#8220;portale\/sito&#8221; per uso personale o aziendale, ma non a scopo di lucro. L&#8217;uso non autorizzato del &#8220;portale\/sito&#8221; e del materiale in esso contenuto costituisce violazione dei diritti di propriet\u00e0 intellettuale del &#8220;provider&#8221;, del &#8220;negoziante&#8221; o dei relativi titolari. Ti impegni a conservare tutte le indicazioni sui marchi e sul diritto di autore contenute sui materiali scaricati o copiati. L&#8217;uso di questi materiali su qualsiasi altro sito web \u00e8 vietato. E&#8217; inoltre vietato qualsiasi utilizzo dei servizi a fini fraudolenti, per gioco, o al solo scopo di danneggiare il &#8220;provider&#8221;, il &#8220;portale\/sito&#8221;, il &#8220;negoziante&#8221;, gli &#8220;utenti&#8221;, i marchi, etc.<br \/>Tu riconosci espressamente che tutte le informazioni, dati, know-how, codici sorgente, software, progetti, applicativi, marchi, brevetti, segreti industriali, formule, algoritmi, modelli, banche dati e simili, segni distintivi del sito o di parte di esso (logo, icone, ecc.), relativi ai servizi, al &#8220;portale\/sito&#8221;, ai dati e agli altri materiali provenienti dal &#8220;provider&#8221; o comunque messi a disposizione degli &#8220;utenti&#8221; da parte del &#8220;provider&#8221; tramite il &#8220;portale\/sito&#8221; o in forza del presente &#8220;regolamento&#8221;, restano di titolarit\u00e0 esclusiva del &#8220;provider&#8221; o dei suoi licenzianti. Il &#8220;provider&#8221; concede agli &#8220;utenti&#8221; licenza personale, limitata, non trasferibile, non esclusiva per l&#8217;utilizzo dei servizi su un singolo computer conformemente al presente regolamento ed esclusivamente per il periodo di validit\u00e0 del rapporto contrattuale da esse regolato, restando in ogni caso inteso che gli &#8220;utenti&#8221; non possono in alcun modo utilizzare e, in via esemplificativa ma non esaustiva copiare, modificare, vendere, cedere, sublicenziare, conferire o trasferire a terzi o creare lavori derivati da un qualsiasi diritto del &#8220;provider&#8221;, n\u00e8 consentire che terzi lo facciano direttamente o tramite il loro computer, anche a loro insaputa.<br \/>Alcuni giorni dopo la conclusione di un ordine riceverai un messaggio di posta elettronica automatico contenente un&#8217;indagine di gradimento (di seguito &#8220;Feedback&#8221;) facoltativa finalizzata a valutare il servizio erogato dal &#8220;negoziante&#8221;. Il tuo &#8220;feedback&#8221;, qualora fornito, verr\u00e0 automaticamente pubblicato sul &#8220;portale\/sito&#8221; o su altri siti e reso disponibile per la consultazione ad altri &#8220;utenti&#8221;. Tu accetti sin da ora la ricezione dell&#8217;indagine di gradimento &#8211; intesa come comunicazione transazionale &#8211; e recepisci che la partecipazione al sondaggio \u00e8 facoltativa. Inoltre tu autorizzi sin da subito il &#8220;provider&#8221; a pubblicare automaticamente eventuali &#8220;feedback&#8221; ricevuti sul &#8220;portale\/sito&#8221; o su altri siti.<br \/>Visitando il &#8220;portale\/sito&#8221; con il browser impostato in modo tale da accettare i cookie, o utilizzando i dispositivi, le applicazioni mobile o altri software del &#8220;provider&#8221;, tu indichi implicitamente di voler utilizzare i prodotti e i servizi del &#8220;provider&#8221; ed acconsenti all&#8217;utilizzo dei cookie e di altre tecnologie necessarie per visualizzarli.<br \/>Per poter effettuare ordini &#8220;l&#8217;utente&#8221; deve essere maggiorenne.<br \/>Al contratto di compravendita tra &#8220;utente&#8221; e &#8220;negoziante&#8221; generato per mezzo del &#8220;sito\/portale&#8221; si applicano le disposizioni del Codice del Consumo, tra le quali quelle di cui al Capo I (Dei diritti dei consumatori nei contratti).<br \/>Il presente &#8220;regolamento&#8221; e tutti i rapporti tra &#8220;provider&#8221;, &#8220;negoziante&#8221; ed &#8220;utente&#8221; sono regolati dalla Legge Italiana e Foro esclusivo competente per ogni controversia che dovesse insorgere nell&#8217;applicazione del presente &#8220;regolamento&#8221; \u00e8 quello di Frosinone &#8211; ITALIA.<\/p>\n<h2>Diritto di Recesso<\/h2>\n<p>1. Fatte salve diverse e migliori condizioni applicate dal &#8220;negoziante&#8221; che comunque non sono in alcun caso vincolanti per il &#8220;provider&#8221;, ogni prodotto in vendita sul &#8220;portale\/sito&#8221; \u00e8 coperto dalla garanzia del diritto di recesso, prevista dal D.L. 6 settembre 2005 n. 206 e successive modificazioni. I prodotti alimentari non sono interessati da questa normativa<br \/>2. I prodotti alimentari proprio in virt\u00f9 della loro natura non sono soggetti a reso commerciale. In casi eccezionali previsti dalla normativa possiamo occuparci di sostituire la merce. La comunicazione deve contenere espressamente la volont\u00e0 &#8220;dell&#8217;utente&#8221; di avvalersi del diritto di recesso, l&#8217;indicazione del prodotto, l&#8217;oggetto della contestazione, la descrizione dell&#8217;ordine relativo e copia del documento di trasporto.<br \/>3. L&#8217;eventuale restituzione dell&#8217;importo complessivo potr\u00e0 essere accettata dal &#8220;negoziante&#8221; solo se il prodotto sar\u00e0 integro e se lo stesso non sia stato utilizzato, messo in funzione o usurato. Nel caso il bene sia in parte deteriorato, &#8220;l&#8217;utente&#8221; sar\u00e0 tenuto a pagare la &#8220;diminuzione del valore del bene&#8221; il cui importo sar\u00e0 stabilito insindacabilmente dal &#8220;negoziante&#8221;.<br \/>4. Tutti i prodotti alimentari che lo necessitano saranno trasportati con corriere refrigerato secondo normativa.<br \/>5. Il &#8220;negoziante&#8221; rimborsa tutti i pagamenti ricevuti &#8220;dall&#8217;utente&#8221; &#8211; comprensivi delle eventuali spese di consegna &#8211; entro 14 giorni di calendario (non lavorativi) dal momento in cui \u00e8 venuto a conoscenza della volont\u00e0 &#8220;dell&#8217;utente&#8221; di esercitare il recesso e comunque dopo aver ricevuto il reso. Il rimborso avviene tramite lo stesso mezzo di pagamento con cui l&#8221;&#8216;utente&#8221; ha pagato, salvo diversi accordi tra leparte. E&#8217; nulla qualsiasi clausola che preveda limiti al rimborso in seguito all&#8217;esercizio del diritto di recesso.<br \/>6. Tutte le merci ricevute oltre il termine di decorrenza del diritto di recesso verranno restituite al mittente con addebito allo stesso delle spese di spedizione.<br \/>7. L&#8217;utente dovr\u00e0 corrispondere il costo per la restituzione (reso) dei beni in caso di recesso, per la quale si applicano tutte le condizioni previste nell&#8217;apposita sezione GARANZIA E RESI del presente regolamento.<\/p>\n<h2>PREZZI, PAGAMENTI, FATTURAZIONE, SPEDIZIONI E TEMPI DI CONSEGNA<\/h2>\n<\/div>\n<p><!-- \/wp:heading --><!-- wp:heading {\"level\":3} --><\/p>\n<p>1. I prezzi riportati nel &#8220;portale\/sito&#8221; sono da intendersi validi solo per acquisti on-line e per il mercato Italiano; salva diversa e specifica indicazione, i prezzi sono sempre comprensivi di IVA e di tutti i contributi previsti dalla Legge Italiana. I prezzi dei prodotti e servizi non comprendono le spese di spedizione, che sono comunque a carico &#8220;dell&#8217;utente&#8221;, e sono calcolate in maniera automatizzata dal &#8220;portale\/sito&#8221; prima del completamento del carrello. Se non diversamente specificato, i costi di spedizione calcolati si riferiscono esclusivamente alle spedizioni senza servizi accessori, quali ad esempio l&#8217;assicurata, il contrassegno, la consegna su appuntamento o la consegna al piano.<br \/>2. Le modalit\u00e0 di pagamento accettate dal &#8220;negoziante&#8221; possono essere (in base alle circostanze) Paypal, Carta di Credito (tramite pos PayPal), Bonifico Bancario, Contrassegno, Finanziamento o Contanti (in caso di ritiro presso il negozio fisico). Il contrassegno, qualora accettato dal &#8220;negoziante&#8221;, \u00e8 soggetto alle seguenti limitazioni: non pu\u00f2 superare una certo importo stabilito dal &#8220;negoziante&#8221; (e calcolato nel carrello) o dalla Legge, non pu\u00f2 essere destinato all&#8217;estero e pu\u00f2 essere corrisposto unicamente in contanti (sono esclusti pertanto gli assegni e altre diverse modalit\u00e0 di pagamento).<br \/>3. I tempi di consegna indicati sul &#8220;portale\/sito&#8221; sono da intendersi stimati, e gli stessi possono variare a seconda della disponibilit\u00e0 nel magazzino del &#8220;negoziante&#8221; e della destinazione finale della merce. In caso di ordini di merce non presente in magazzino, il &#8220;negoziante&#8221; entrer\u00e0 direttamente in contatto con &#8220;l&#8217;utente&#8221; per accordarsi sul modo di gestione dell&#8217;ordine, nel modo che &#8220;l&#8217;utente&#8221; preferisce (attesa, doppia spedizione: istantanea e differita, o rimborso). In ogni caso la merce verr\u00e0 consegnata solo dopo aver riscosso il pagamento. Le spedizioni relative agli ordini pagati con Bonifico Bancario anticipato verranno effettuate dal &#8220;negoziante&#8221; non appena (e solo successivamente) l&#8217;accredito sar\u00e0 visibile sul proprio conto corrente (l&#8217;accredito pu\u00f2 richiedere alcuni giorni).<br \/>4. Le eventuali spese di giacenza della merce presso il corriere, nel caso sia impossibile la consegna per irreperibilit\u00e0 del destinatario, dovuta a qualsivoglia motivo, sono a carico &#8220;dell&#8217;utente&#8221;.<br \/>5. La spedizione avviene dal magazzino del &#8220;negoziante&#8221; tramite il corriere espresso ritenuto pi\u00f9 adatto alle esigenze dell&#8217;evasione dell&#8217;ordine. La scelta viene effettuata dal &#8220;negoziante&#8221; in base al peso, al valore e alla fragilit\u00e0 dei colli ed in base alla destinazione (isole, localit\u00e0 disagiate, sud Italia, Estero).<br \/>6. Il corriere \u00e8 incaricato solo ed esclusivamente alla consegna all&#8217;indirizzo indicato dall&#8217;utente, nei tempi e nelle modalit\u00e0 previste. Il corriere non \u00e8 tenuto a consegnare in orari o luoghi al di fuori del proprio regolare itinerario, e non \u00e8 tenuto a preavvisare telefonicamente il destinatario. \u00c8 cura dell&#8217;utente essere presente al momento della ricezione all&#8217;indirizzo fornito. Nel caso l&#8217;utente non sar\u00e0 presente, il corriere incaricato lascer\u00e0 un avviso, o contatter\u00e0 l&#8217;utente telefonicamente per prendere ulteriori accordi. La consegna su appuntamento, il ritiro, la consegna al piano od ulteriori servizi a pagamento non sono attualmente offerti e pertanto tutte le richieste scritte dall&#8217;utente nel campo note dell&#8217;ordine, saranno ignorate e non potranno essere procesate.<br \/>7. I tempi di consegna stimati sono indicati nella scheda del prodotto ed essi fanno riferimento solamente alle consegne destinate all&#8217;Italia. I tempi stimati non sono vincolati. Alcuni ritardi si possono verificare in base alla destinazione, al tipo di collo, a scioperi, festivit\u00e0 o particolari condizioni che rendono difficoltosa la consegna.<br \/>8. Le spedizioni avvengono giornalmente per ordini pervenuti entro le 13.00 del giorno antecedente (per i prodotti disponibili a magazzino).<br \/>9. I corrieri utilizzati dal &#8220;negoziante&#8221; normalmente effettuano consegne dal Luned\u00ec al Venerd\u00ec, dalle ore 8.30 alle ore 18.00, e non effettuano pertanto consegne il Sabato e la Domenica cos\u00ec come i festivi ed i prefestivi.<br \/>10. In caso di comunicazione di pi\u00f9 indirizzi di spedizione con conseguente ambiguit\u00e0, si precisa che ai fini della consegna della merce e della fatturazione, fa fede unicamente quanto dichiarato &#8220;dall&#8217;utente&#8221; e quanto riportato nella mail di conferma ordine ricevuta automaticamente dal &#8220;sito\/portale&#8221;. Pertanto eventuali diversi indirizzi di spedizione e\/o fatturazione forniti non verranno presi in considerazione ai fini della consegna e\/o della fatturazione.<br \/>11. &#8220;L&#8217;utente&#8221; pu\u00f2 richiedere la fattura unicamente al momento dell&#8217;invio dell&#8217;ordine, specificando nell&#8217;apposita sezione i dati di fatturazione (Codice Fiscale, Partita Iva, etc). I dati fiscali quali partita iva e codice fiscale sono obbligatori solamente per le aziende. Ai privati potranno essere emesse ricevute fiscali, note di consegna e\/o scontrini fiscali in base alle circostanze.<\/p>\n<p>\u00a0<\/p>\n<h2>DANNI ALLA MERCE<\/h2>\n<p>Se al momento della consegna il pacco mostra evidenti segni di manomissione o danneggiamento che potrebbero aver compromesso l&#8217;integrit\u00e0 del contenuto, &#8220;l&#8217;utente&#8221; dovr\u00e0 rifiutarlo oppure indicare le sue osservazioni nella ricevuta presentata dal corriere, accettare il pacco &#8220;con riserva&#8221; e comunicare al &#8220;negoziante&#8221; il problema, in modo da poter aprire un eventuale sinistro con la compagnia assicurativa.<br \/>In ogni caso eventuali contestazioni legate al danneggiamento della merce devono essere inviate al &#8220;negoziante&#8221; in forma scritta entro e non oltre 7 giorni dall&#8217;avvenuta consegna, inviando opportuna documentazione fotografica a corredo.<br \/>La merce viaggia ad esclusivo rischio del &#8220;negoziante&#8221; qualora il corriere sia stato scelto dal &#8220;negoziante&#8221;. Il rischio di perdita o danneggiamento dei beni si trasferisce &#8220;all&#8217;utente&#8221; nel momento in cui quest&#8217;ultimo entra materialmente in possesso dei beni o nel caso in cui esso stesso scelga il vettore abilitato alla consegna.<\/p>\n<p>\u00a0<\/p>\n<p>\u00a0<\/p>\n<p><!-- \/wp:heading --><\/p><\/div>\n\t\t\t\t<\/div>\n\t\t\t\t<\/div>\n\t\t\t\t\t\t<\/div>\n\t\t\t\t\t<\/div>\n\t\t<\/div>\n\t\t\t\t\t\t\t\t<\/div>\n\t\t\t\t\t<\/div>\n\t\t<\/section>\n\t\t\t\t\t\t<\/div>\n\t\t\t\t\t\t<\/div>\n\t\t\t\t\t<\/div>\n\t\t","protected":false},"excerpt":{"rendered":"<p>Regolamento di utilizzo L&#8217;indirizzo del nostro sito web \u00e8: http:\/\/passioneciociaria.it. I visitatori e gli acquirenti (di seguito &#8220;Utenti&#8221;) possono selezionare prodotti dal catalogo del &#8220;negoziante&#8221; ed inviare ordini di compravendita online Termini e Condizioni I presenti termini e condizioni (Condizioni Generali), regolano l&#8217;utilizzo da parte &#8220;dell&#8217;utente&#8221; dei servizi disponibili attraverso il &#8220;portale\/sito&#8221;, che comprendono tra &hellip;<\/p>\n<p class=\"read-more\"> <a class=\"\" href=\"https:\/\/passioneciociaria.it\/?page_id=1179\"> <span class=\"screen-reader-text\">Termini e Condizioni<\/span> Leggi altro &raquo;<\/a><\/p>\n","protected":false},"author":1,"featured_media":0,"parent":0,"menu_order":0,"comment_status":"closed","ping_status":"open","template":"","meta":{"footnotes":""},"class_list":["post-1179","page","type-page","status-publish","hentry"],"_links":{"self":[{"href":"https:\/\/passioneciociaria.it\/index.php?rest_route=\/wp\/v2\/pages\/1179","targetHints":{"allow":["GET"]}}],"collection":[{"href":"https:\/\/passioneciociaria.it\/index.php?rest_route=\/wp\/v2\/pages"}],"about":[{"href":"https:\/\/passioneciociaria.it\/index.php?rest_route=\/wp\/v2\/types\/page"}],"author":[{"embeddable":true,"href":"https:\/\/passioneciociaria.it\/index.php?rest_route=\/wp\/v2\/users\/1"}],"replies":[{"embeddable":true,"href":"https:\/\/passioneciociaria.it\/index.php?rest_route=%2Fwp%2Fv2%2Fcomments&post=1179"}],"version-history":[{"count":3,"href":"https:\/\/passioneciociaria.it\/index.php?rest_route=\/wp\/v2\/pages\/1179\/revisions"}],"predecessor-version":[{"id":1182,"href":"https:\/\/passioneciociaria.it\/index.php?rest_route=\/wp\/v2\/pages\/1179\/revisions\/1182"}],"wp:attachment":[{"href":"https:\/\/passioneciociaria.it\/index.php?rest_route=%2Fwp%2Fv2%2Fmedia&parent=1179"}],"curies":[{"name":"wp","href":"https:\/\/api.w.org\/{rel}","templated":true}]}}