{"id":1315,"date":"2021-02-26T18:57:04","date_gmt":"2021-02-26T17:57:04","guid":{"rendered":"https:\/\/passioneciociaria.it\/?post_type=product&#038;p=1315"},"modified":"2023-10-10T17:22:31","modified_gmt":"2023-10-10T15:22:31","slug":"mozzarella-di-bufala-di-amaseno-caseificio-la-stella-di-amaseno","status":"publish","type":"product","link":"https:\/\/passioneciociaria.it\/?product=mozzarella-di-bufala-di-amaseno-caseificio-la-stella-di-amaseno","title":{"rendered":"Mozzarella di Bufala di Amaseno &#8220;Caseificio 5 Stelle&#8221;"},"content":{"rendered":"<p>La mozzarella, il formaggio fresco per eccellenza, a pasta molle, cruda e filata, dalla crosta sottilissima e dal gusto ben definito. Un tempo tagliata in forme di circa mezzo chilo, \u00e8 oggi realizzata in forme tonde di dimensioni variabili da 30 g a 3 kg, bocconcini, nodini o trecce. Caratteristica distintiva \u00e8 rappresentata dalla preparazione classica.<\/p>\n<p>In particolare, le fasi di lavorazione della mozzarella sono essenzialmente due: nella prima si realizza la preparazione della cagliata cui segue la maturazione sotto siero fino a raggiungere uno stato tale da essere sottoposta a filatura, mentre nella seconda, la cagliata raggiunto lo stato di maturazione viene filata assumendo in questo modo la peculiare struttura filamentare della mozzarella di bufala. Completano il ciclo di lavorazione i processi di formatura, salatura e confezionamento della mozzarella.<\/p>\n<p>Il termine mozzarella deriva dal verbo \u201cmozzare\u201d, che significa tagliare, facendo riferimento alla fase in cui la cagliata, dopo esser stata filata, viene &#8220;mozzata&#8221; dalle mani esperte e sapienti del mastro casaro per darle la caratteristica forma.<\/p>\n<p>Si pu\u00f2 cos\u00ec gustare un prodotto fatto con il 100% di latte di bufala proveniente unicamente dagli allevamenti dell&#8217;Azienda &#8220;La Stella di Amaseno&#8221;, \u00a0presenti nell\u2019incontaminata\u00a0<strong>Valle dell\u2019Amaseno<\/strong>. Particolare attenzione viene dedicata ad ogni passaggio dei processi produttivi. Per alimentare gli oltre 600 capi adulti, vengono scelti specifici fieni, erbe e granaglie per dare al latte di bufala prodotto un sapore unico. Giornalmente presso il nostro caseificio situato nelle campagne di Castro de Volsci<strong>\u00a0(Fr)<\/strong>\u00a0vengono prodotti\u00a0<strong>formaggi<\/strong>,\u00a0<strong>mozzarella<\/strong>\u00a0e\u00a0<strong>ricotta,<\/strong> utilizzando 100% latte di bufala. La trasformazione del latte di bufala in mozzarella avviene seguendo esattamente i canoni della tradizione, il tutto eseguito in maniera artigianale senza l\u2019ausilio di alcun macchinario.<\/p>\n<p>&nbsp;<\/p>\n","protected":false},"excerpt":{"rendered":"<p>E\u2019 lei la regina, dal sapore unico e inconfondibile, in tutta la sua genuinit\u00e0 e con riconosciute virt\u00f9 nutritive. La nostra mozzarella \u00e8 ricca di proteine, sali minerali, ferro e vitamine, soprattutto del gruppo B. La superficie esterna appare lucida, il colore bianco perlaceo, la forma sferoidale, la pasta morbida ed elastica con un particolare sapore di latte fresco. Bianca, piena di latte e succulenta: \u00e8 la mozzarella di latte di Bufala di Amaseno del caseificio &#8221; 5 Stelle<strong>&#8220;.<\/strong> Si tratta di un prodotto unico nel suo genere: un formaggio fresco a pasta molle, cruda e filata, a sfoglie sovrapposte dalla crosta sottilissima. Prodotto tipico ciociaro, la mozzarella di bufala\u00a0 \u00e8 ottima da gustare accompagnata con verdure oppure da sola. Ma anche da impiegare in cucina, magari sopra una bella pizza! Alimento completo, che rende felici tutti.<\/p>\n<p><strong>Ingredienti<\/strong>: Latte di bufala, sale, caglio.<\/p>\n<p><strong>Origine del latte<\/strong>: Castro de Volsci (FR) Italia<\/p>\n<p><strong>Pasta<\/strong>: Pasta di colore latteo e con consistenza leggermente elastica.<\/p>\n<p><strong>Salatura<\/strong>: Dal liquido di governo<\/p>\n<p><strong>Stagionatura<\/strong>: Assente<\/p>\n<p><strong>Allergeni presenti<\/strong>: Latte<\/p>\n<p><strong>Conservazione:<\/strong> mantenerla a una temperatura di 20-22 \u00b0C e nel periodo invernale \u00e8 consigliabile riscaldarla opportunamente.<\/p>\n","protected":false},"featured_media":1318,"comment_status":"open","ping_status":"closed","template":"","meta":[],"product_brand":[],"product_cat":[37],"product_tag":[],"class_list":{"0":"post-1315","1":"product","2":"type-product","3":"status-publish","4":"has-post-thumbnail","6":"product_cat-formaggi","8":"first","9":"instock","10":"featured","11":"shipping-taxable","12":"purchasable","13":"product-type-variable"},"_links":{"self":[{"href":"https:\/\/passioneciociaria.it\/index.php?rest_route=\/wp\/v2\/product\/1315","targetHints":{"allow":["GET"]}}],"collection":[{"href":"https:\/\/passioneciociaria.it\/index.php?rest_route=\/wp\/v2\/product"}],"about":[{"href":"https:\/\/passioneciociaria.it\/index.php?rest_route=\/wp\/v2\/types\/product"}],"replies":[{"embeddable":true,"href":"https:\/\/passioneciociaria.it\/index.php?rest_route=%2Fwp%2Fv2%2Fcomments&post=1315"}],"wp:featuredmedia":[{"embeddable":true,"href":"https:\/\/passioneciociaria.it\/index.php?rest_route=\/wp\/v2\/media\/1318"}],"wp:attachment":[{"href":"https:\/\/passioneciociaria.it\/index.php?rest_route=%2Fwp%2Fv2%2Fmedia&parent=1315"}],"wp:term":[{"taxonomy":"product_brand","embeddable":true,"href":"https:\/\/passioneciociaria.it\/index.php?rest_route=%2Fwp%2Fv2%2Fproduct_brand&post=1315"},{"taxonomy":"product_cat","embeddable":true,"href":"https:\/\/passioneciociaria.it\/index.php?rest_route=%2Fwp%2Fv2%2Fproduct_cat&post=1315"},{"taxonomy":"product_tag","embeddable":true,"href":"https:\/\/passioneciociaria.it\/index.php?rest_route=%2Fwp%2Fv2%2Fproduct_tag&post=1315"}],"curies":[{"name":"wp","href":"https:\/\/api.w.org\/{rel}","templated":true}]}}