{"id":1523,"date":"2021-03-07T20:24:55","date_gmt":"2021-03-07T19:24:55","guid":{"rendered":"https:\/\/passioneciociaria.it\/?post_type=product&#038;p=1523"},"modified":"2023-10-09T19:08:49","modified_gmt":"2023-10-09T17:08:49","slug":"ciambelline-al-vino-rosso-la-spiga-di-grano-500-g","status":"publish","type":"product","link":"https:\/\/passioneciociaria.it\/?product=ciambelline-al-vino-rosso-la-spiga-di-grano-500-g","title":{"rendered":"Ciambelline al vino rosso &#8220;La Spiga di Grano&#8221; 500 g"},"content":{"rendered":"<p>Le ciambelline al vino sono biscotti poveri realizzati con l\u2019antica ricetta ciociara dall\u2019azienda agricola \u201cLa Spiga di Grano\u201d.\u00a0 Gli ingredienti sono solo di origine vegetale, pur non contenendo burro, n\u00e9 latte, n\u00e9 uova il biscotto rimane molto friabile.<\/p>\n","protected":false},"excerpt":{"rendered":"<ul class=\"sk-prodotto\">\n<li><b class=\"label\">Ingredienti:<\/b><br \/>\nFarina &#8220;0&#8221;, zucchero, olio, vino rosso, lievito e semi di anice.<\/li>\n<li>\u00c8 consigliato come dolce fine pasto, magari accompagnato da un buon vino. La ciambellina al vino \u00e8 comunque adatta a tutte le ore della giornata grazie alla sua gustosissima semplicit\u00e0.<\/li>\n<\/ul>\n","protected":false},"featured_media":1528,"comment_status":"open","ping_status":"closed","template":"","meta":[],"product_brand":[],"product_cat":[44],"product_tag":[],"class_list":{"0":"post-1523","1":"product","2":"type-product","3":"status-publish","4":"has-post-thumbnail","6":"product_cat-paticceria-artigianale","8":"first","9":"instock","10":"featured","11":"shipping-taxable","12":"purchasable","13":"product-type-simple"},"_links":{"self":[{"href":"https:\/\/passioneciociaria.it\/index.php?rest_route=\/wp\/v2\/product\/1523","targetHints":{"allow":["GET"]}}],"collection":[{"href":"https:\/\/passioneciociaria.it\/index.php?rest_route=\/wp\/v2\/product"}],"about":[{"href":"https:\/\/passioneciociaria.it\/index.php?rest_route=\/wp\/v2\/types\/product"}],"replies":[{"embeddable":true,"href":"https:\/\/passioneciociaria.it\/index.php?rest_route=%2Fwp%2Fv2%2Fcomments&post=1523"}],"wp:featuredmedia":[{"embeddable":true,"href":"https:\/\/passioneciociaria.it\/index.php?rest_route=\/wp\/v2\/media\/1528"}],"wp:attachment":[{"href":"https:\/\/passioneciociaria.it\/index.php?rest_route=%2Fwp%2Fv2%2Fmedia&parent=1523"}],"wp:term":[{"taxonomy":"product_brand","embeddable":true,"href":"https:\/\/passioneciociaria.it\/index.php?rest_route=%2Fwp%2Fv2%2Fproduct_brand&post=1523"},{"taxonomy":"product_cat","embeddable":true,"href":"https:\/\/passioneciociaria.it\/index.php?rest_route=%2Fwp%2Fv2%2Fproduct_cat&post=1523"},{"taxonomy":"product_tag","embeddable":true,"href":"https:\/\/passioneciociaria.it\/index.php?rest_route=%2Fwp%2Fv2%2Fproduct_tag&post=1523"}],"curies":[{"name":"wp","href":"https:\/\/api.w.org\/{rel}","templated":true}]}}