{"id":1616,"date":"2021-03-08T14:15:27","date_gmt":"2021-03-08T13:15:27","guid":{"rendered":"https:\/\/passioneciociaria.it\/?post_type=product&#038;p=1616"},"modified":"2023-10-09T19:00:29","modified_gmt":"2023-10-09T17:00:29","slug":"uova-fresche-classiche-conf-da-6-pz-azienda-agricola-occhiodoro","status":"publish","type":"product","link":"https:\/\/passioneciociaria.it\/?product=uova-fresche-classiche-conf-da-6-pz-azienda-agricola-occhiodoro","title":{"rendered":"Uova fresche classiche \u2013 Conf. da 6 pz &#8220;Azienda Agricola Occhiodoro&#8221;"},"content":{"rendered":"<div class=\"produttore\">Occhiodoro oltre ad essere un\u2019eccellenza nell\u2019allevamento delle galline, monitora e analizza costantemente animali e prodotti per garantire qualit\u00e0 e sicurezza.<\/div>\n<div class=\"produttore\">Ci impegniamo affinch\u00e8 la consegna del prodotto avvenga nell\u2019arco delle 24 ore dalla deposizione.<\/div>\n<div class=\"produttore\">Freschezza, genuinit\u00e0, qualit\u00e0, sicurezza e affidabilit\u00e0 sono le caratteristiche delle uova&#8221; Occhiodoro.&#8221;<\/div>\n<div>Seguendo sin dalla nascita l\u2019alimentazione degli animali, si riesce a garantire l\u2019utilizzo esclusivo di sostanze naturali quali mais, orzo, grano, soia (no ogm), sali minerali e vitamine di origine naturale. Nella fase dello svezzamento si passa ad una alimentazione con fiocchi di cereali cotti al vapore, in modo tale da garantire la completa assenza di micotossine e\/o aflatossine, \u201cmuffe\u201d che alterano la genuinit\u00e0 dei cereali.<\/div>\n","protected":false},"excerpt":{"rendered":"<div class=\"produttore\">Occhiodoro oltre ad essere un\u2019eccellenza nell\u2019allevamento delle galline, monitora e analizza costantemente animali e prodotti per garantire qualit\u00e0 e sicurezza.<\/div>\n<div class=\"produttore\">Ci impegniamo affinch\u00e8 la consegna del prodotto avvenga nell\u2019arco delle 24 ore dalla deposizione.<\/div>\n<div class=\"produttore\">Freschezza, genuinit\u00e0, qualit\u00e0, sicurezza e affidabilit\u00e0 sono le caratteristiche delle uova&#8221; Occhiodoro.&#8221;<\/div>\n<div>Seguendo sin dalla nascita l\u2019alimentazione degli animali, si riesce a garantire l\u2019utilizzo esclusivo di sostanze naturali quali mais, orzo, grano, soia (no ogm), sali minerali e vitamine di origine naturale. Nella fase dello svezzamento si passa ad una alimentazione con fiocchi di cereali cotti al vapore, in modo tale da garantire la completa assenza di micotossine e\/o aflatossine, \u201cmuffe\u201d che alterano la genuinit\u00e0 dei cereali.<\/div>\n","protected":false},"featured_media":1617,"comment_status":"open","ping_status":"closed","template":"","meta":[],"product_brand":[],"product_cat":[40],"product_tag":[],"class_list":{"0":"post-1616","1":"product","2":"type-product","3":"status-publish","4":"has-post-thumbnail","6":"product_cat-uova-e-derivati","8":"first","9":"instock","10":"featured","11":"shipping-taxable","12":"purchasable","13":"product-type-simple"},"_links":{"self":[{"href":"https:\/\/passioneciociaria.it\/index.php?rest_route=\/wp\/v2\/product\/1616","targetHints":{"allow":["GET"]}}],"collection":[{"href":"https:\/\/passioneciociaria.it\/index.php?rest_route=\/wp\/v2\/product"}],"about":[{"href":"https:\/\/passioneciociaria.it\/index.php?rest_route=\/wp\/v2\/types\/product"}],"replies":[{"embeddable":true,"href":"https:\/\/passioneciociaria.it\/index.php?rest_route=%2Fwp%2Fv2%2Fcomments&post=1616"}],"wp:featuredmedia":[{"embeddable":true,"href":"https:\/\/passioneciociaria.it\/index.php?rest_route=\/wp\/v2\/media\/1617"}],"wp:attachment":[{"href":"https:\/\/passioneciociaria.it\/index.php?rest_route=%2Fwp%2Fv2%2Fmedia&parent=1616"}],"wp:term":[{"taxonomy":"product_brand","embeddable":true,"href":"https:\/\/passioneciociaria.it\/index.php?rest_route=%2Fwp%2Fv2%2Fproduct_brand&post=1616"},{"taxonomy":"product_cat","embeddable":true,"href":"https:\/\/passioneciociaria.it\/index.php?rest_route=%2Fwp%2Fv2%2Fproduct_cat&post=1616"},{"taxonomy":"product_tag","embeddable":true,"href":"https:\/\/passioneciociaria.it\/index.php?rest_route=%2Fwp%2Fv2%2Fproduct_tag&post=1616"}],"curies":[{"name":"wp","href":"https:\/\/api.w.org\/{rel}","templated":true}]}}