{"id":1716,"date":"2021-03-22T20:18:20","date_gmt":"2021-03-22T19:18:20","guid":{"rendered":"https:\/\/passioneciociaria.it\/?post_type=product&#038;p=1716"},"modified":"2023-10-09T18:33:58","modified_gmt":"2023-10-09T16:33:58","slug":"polline-fresco-ferrante-apicultura-200-g","status":"publish","type":"product","link":"https:\/\/passioneciociaria.it\/?product=polline-fresco-ferrante-apicultura-200-g","title":{"rendered":"Polline Fresco &#8220;Ferrante Apicultura&#8221; 200 g"},"content":{"rendered":"<p>Il prodotto \u00e8 realizzato dall\u2019azienda\u00a0<strong>\u201cFerrante Apicultura\u201d<\/strong>\u00a0che possiede ad oggi 200 alveari. Gli apiari sono dislocati in diversi comuni (Arnara, Torrice, Ceccano, Castro dei Volsci, Supino) ubicati nella provincia di\u00a0<strong>Frosinone.<\/strong> In questi territori le api raccolgono diversi tipi di nettari tali da produrre tre tipologie di miele: Acacia, Millefiori e Castagno.<\/p>\n<p><strong>Il Polline<\/strong> \u00e8 da sempre un rimedio terapeutico usato dagli apicoltori, la scienza ha scoperto da poco in esso una somma di tale sostanze benefiche da definirlo &#8220;alimento miracoloso&#8221;. Il Polline \u00e8 un alimento naturale che contiene una miniera di principi vitaminici, minerali, proteici e nutrizionali.<\/p>\n","protected":false},"excerpt":{"rendered":"<p>Il prodotto dell&#8217;azienda <strong>&#8220;Ferrante Apicultura&#8221;<\/strong> ha la particolarit\u00e0 di essere confezionato e venduto come \u00e8 stato raccolto dall&#8217;ape senza essere essiccato, essendo la cosa pi\u00f9 importante di questo alimento. E&#8217;\u00a0un polline con\u00a0<strong>alto valore nutritivo<\/strong>\u00a0e nel suo insieme troviamo le caratteristiche di pi\u00f9 piante e fiori.<br \/>\nIndicato per tutte le persone che necessitano il bisogno di<strong> proteggersi durante il lungo periodo invernale da raffreddori e brutte influenze<\/strong>.\u00a0<strong>Aiuta a rafforzare il sistema immunitario<\/strong><\/p>\n","protected":false},"featured_media":1724,"comment_status":"open","ping_status":"closed","template":"","meta":[],"product_brand":[],"product_cat":[44],"product_tag":[],"class_list":{"0":"post-1716","1":"product","2":"type-product","3":"status-publish","4":"has-post-thumbnail","6":"product_cat-paticceria-artigianale","8":"first","9":"instock","10":"shipping-taxable","11":"purchasable","12":"product-type-simple"},"_links":{"self":[{"href":"https:\/\/passioneciociaria.it\/index.php?rest_route=\/wp\/v2\/product\/1716","targetHints":{"allow":["GET"]}}],"collection":[{"href":"https:\/\/passioneciociaria.it\/index.php?rest_route=\/wp\/v2\/product"}],"about":[{"href":"https:\/\/passioneciociaria.it\/index.php?rest_route=\/wp\/v2\/types\/product"}],"replies":[{"embeddable":true,"href":"https:\/\/passioneciociaria.it\/index.php?rest_route=%2Fwp%2Fv2%2Fcomments&post=1716"}],"wp:featuredmedia":[{"embeddable":true,"href":"https:\/\/passioneciociaria.it\/index.php?rest_route=\/wp\/v2\/media\/1724"}],"wp:attachment":[{"href":"https:\/\/passioneciociaria.it\/index.php?rest_route=%2Fwp%2Fv2%2Fmedia&parent=1716"}],"wp:term":[{"taxonomy":"product_brand","embeddable":true,"href":"https:\/\/passioneciociaria.it\/index.php?rest_route=%2Fwp%2Fv2%2Fproduct_brand&post=1716"},{"taxonomy":"product_cat","embeddable":true,"href":"https:\/\/passioneciociaria.it\/index.php?rest_route=%2Fwp%2Fv2%2Fproduct_cat&post=1716"},{"taxonomy":"product_tag","embeddable":true,"href":"https:\/\/passioneciociaria.it\/index.php?rest_route=%2Fwp%2Fv2%2Fproduct_tag&post=1716"}],"curies":[{"name":"wp","href":"https:\/\/api.w.org\/{rel}","templated":true}]}}