{"id":1721,"date":"2021-03-22T20:36:14","date_gmt":"2021-03-22T19:36:14","guid":{"rendered":"https:\/\/passioneciociaria.it\/?post_type=product&#038;p=1721"},"modified":"2023-10-09T18:33:20","modified_gmt":"2023-10-09T16:33:20","slug":"miele-in-favo-ferrante-apicultura","status":"publish","type":"product","link":"https:\/\/passioneciociaria.it\/?product=miele-in-favo-ferrante-apicultura","title":{"rendered":"Miele in Favo &#8220;Ferrante Apicultura&#8221;"},"content":{"rendered":"<p>Il prodotto \u00e8 realizzato dall\u2019azienda\u00a0<strong>\u201cFerrante Apicultura\u201d<\/strong>\u00a0che possiede ad oggi 200 alveari. Gli apiari sono dislocati in diversi comuni (Arnara, Torrice, Ceccano, Castro dei Volsci, Supino) ubicati nella provincia di\u00a0<strong>Frosinone.<\/strong>\u00a0In questi territori le api raccolgono diversi tipi di nettari tali da produrre tre tipologie di miele: Acacia, Millefiori e Castagno.<\/p>\n<p>Il\u00a0<strong>miele<\/strong>\u00a0<strong>in<\/strong>\u00a0<strong>favo<\/strong>\u00a0\u00e8 un vero toccasana per la salute: contenendo anche polline, propoli e pappa reale \u00e8 una riserva importantissima di vitamine e antiossidanti, per non parlare delle straordinarie propriet\u00e0 antimicrobiche e antibatteriche svolte da alcuni enzimi, come la glucosio ossidasi.<\/p>\n","protected":false},"excerpt":{"rendered":"<div class=\"kvgmc6g5 cxmmr5t8 oygrvhab hcukyx3x c1et5uql ii04i59q\">\n<div dir=\"auto\">Il miele in favo ha la caratteristica di preservare intatti gli aromi e i sapori che in fase di opercolatura ed estrazione possono lievemente disperdersi. <span style=\"font-size: 16px;\">Un concentrato di profumi che si scioglie in bocca con un\u2019esplosione di dolcezza mentre si mastica la cera.<\/span><\/div>\n<\/div>\n","protected":false},"featured_media":1723,"comment_status":"open","ping_status":"closed","template":"","meta":[],"product_brand":[],"product_cat":[44],"product_tag":[],"class_list":{"0":"post-1721","1":"product","2":"type-product","3":"status-publish","4":"has-post-thumbnail","6":"product_cat-paticceria-artigianale","8":"first","9":"instock","10":"shipping-taxable","11":"purchasable","12":"product-type-simple"},"_links":{"self":[{"href":"https:\/\/passioneciociaria.it\/index.php?rest_route=\/wp\/v2\/product\/1721","targetHints":{"allow":["GET"]}}],"collection":[{"href":"https:\/\/passioneciociaria.it\/index.php?rest_route=\/wp\/v2\/product"}],"about":[{"href":"https:\/\/passioneciociaria.it\/index.php?rest_route=\/wp\/v2\/types\/product"}],"replies":[{"embeddable":true,"href":"https:\/\/passioneciociaria.it\/index.php?rest_route=%2Fwp%2Fv2%2Fcomments&post=1721"}],"wp:featuredmedia":[{"embeddable":true,"href":"https:\/\/passioneciociaria.it\/index.php?rest_route=\/wp\/v2\/media\/1723"}],"wp:attachment":[{"href":"https:\/\/passioneciociaria.it\/index.php?rest_route=%2Fwp%2Fv2%2Fmedia&parent=1721"}],"wp:term":[{"taxonomy":"product_brand","embeddable":true,"href":"https:\/\/passioneciociaria.it\/index.php?rest_route=%2Fwp%2Fv2%2Fproduct_brand&post=1721"},{"taxonomy":"product_cat","embeddable":true,"href":"https:\/\/passioneciociaria.it\/index.php?rest_route=%2Fwp%2Fv2%2Fproduct_cat&post=1721"},{"taxonomy":"product_tag","embeddable":true,"href":"https:\/\/passioneciociaria.it\/index.php?rest_route=%2Fwp%2Fv2%2Fproduct_tag&post=1721"}],"curies":[{"name":"wp","href":"https:\/\/api.w.org\/{rel}","templated":true}]}}